{"id":5,"date":"2018-06-28T13:16:22","date_gmt":"2018-06-28T13:16:22","guid":{"rendered":"http:\/\/lodder:8888\/?page_id=5"},"modified":"2020-04-17T14:34:31","modified_gmt":"2020-04-17T12:34:31","slug":"ueber-uns","status":"publish","type":"page","link":"https:\/\/www.loddersoftware.com\/de\/ueber-uns\/","title":{"rendered":"\u00dcber uns"},"content":{"rendered":"<p><strong>Lodder: sachkundig, engagiert und innovativ<br \/>\n<\/strong>Lodder Software automatisiert administrative und logistische Prozesse f\u00fcr Tankstellen, Tankstellenketten, \u00d6lhandel und Bunkerung. Diese Spezialisierung tr\u00e4gt Fr\u00fcchte: Wir wurden 1978 gegr\u00fcndet und sind seitdem zum Branchenstandard avanciert. Ausgehend von unserem Standort in Gorinchem bedienen wir mit mehr als 30 hoch qualifizierten Mitarbeitern mehr als die H\u00e4lfte der Tankstellen und das Gros der \u00d6lh\u00e4ndler in den Niederlanden. Lodder ist auch in Belgien, Deutschland und Skandinavien aktiv.<\/p>\n<p><strong>Sachkundig<\/strong><br \/>\nLodder verf\u00fcgt \u00fcber mehr als 40 Jahre Erfahrung in der Automatisierung von \u00d6lhandel und Tankstellen. Wir kennen die Branche in- und auswendig: die Dynamik, die Vorschriften sowie alle geschriebenen und ungeschriebenen Gesetze. Wir arbeiten eng mit unseren Kunden zusammen. Ihr Input h\u00e4lt uns auf Trab und motiviert uns, unsere Produkte kontinuierlich zu erneuern. Dar\u00fcber hinaus bedeutet diese Zusammenarbeit, dass wir nicht nur ein Auge f\u00fcrs Detail haben, sondern auch das gro\u00dfe Ganze im Auge behalten.<\/p>\n<p><strong>Engagiert<\/strong><br \/>\nWir wissen, was es bedeutet, ein Unternehmen zu f\u00fchren, und wissen aus eigener Erfahrung, dass aktuelle und korrekte Steuerungsdaten eine entscheidende Rolle spielen. Man braucht Einsichten in jene Aspekte, die von Bedeutung sind. Ein gut durchdachter, automatisierter Prozess schafft Spielraum, unterst\u00fctzt und gibt Managern die Tools, die sie brauchen, um bei ihren Kunden etwas zu erreichen.<\/p>\n<p><strong>Innovativ<\/strong><br \/>\nTechnik, Vorschriften sowie die W\u00fcnsche und Anforderungen unserer Kunden und deren Kunden \u2013 alles \u00e4ndert sich. Rufen Sie Informationen \u00fcber Smartphones ab, z.B. neue europ\u00e4ische Richtlinien oder denken Sie an den aktuellen Nachfrage nach personalisierten Loyalit\u00e4tsprogrammen. Lodder blickt immer nach vorne und setzt Entwicklungen auf dem Markt und in der Welt in konkrete Anwendungen um. Wir investieren in die Ausweitung und Erneuerung unserer Produkte, und das werden wir auch weiterhin tun.<\/p>\n","protected":false},"excerpt":{"rendered":"<p>Lodder: sachkundig, engagiert und innovativ Lodder Software automatisiert administrative und logistische Prozesse f\u00fcr Tankstellen, Tankstellenketten, \u00d6lhandel und Bunkerung. Diese Spezialisierung tr\u00e4gt Fr\u00fcchte: Wir wurden 1978 gegr\u00fcndet und sind seitdem zum Branchenstandard avanciert. Ausgehend von unserem Standort in Gorinchem bedienen wir mit mehr als 30 hoch qualifizierten Mitarbeitern mehr als die H\u00e4lfte der Tankstellen und das<span class=\"read-more-dots\">&hellip;<\/span><\/p>\n","protected":false},"author":6,"featured_media":0,"parent":0,"menu_order":2,"comment_status":"closed","ping_status":"closed","template":"","meta":{"_acf_changed":false,"editor_notices":[],"footnotes":""},"class_list":["post-5","page","type-page","status-publish","hentry"],"acf":[],"yoast_head":"<!-- This site is optimized with the Yoast SEO plugin v27.4 - https:\/\/yoast.com\/product\/yoast-seo-wordpress\/ -->\n<title>\u00dcber uns - Lodder Software<\/title>\n<meta name=\"robots\" content=\"index, follow, max-snippet:-1, max-image-preview:large, max-video-preview:-1\" \/>\n<link rel=\"canonical\" href=\"https:\/\/www.loddersoftware.com\/de\/ueber-uns\/\" \/>\n<meta property=\"og:locale\" content=\"de_DE\" \/>\n<meta property=\"og:type\" content=\"article\" \/>\n<meta property=\"og:title\" content=\"\u00dcber uns - Lodder Software\" \/>\n<meta property=\"og:description\" content=\"Lodder: sachkundig, engagiert und innovativ Lodder Software automatisiert administrative und logistische Prozesse f\u00fcr Tankstellen, Tankstellenketten, \u00d6lhandel und Bunkerung. Diese Spezialisierung tr\u00e4gt Fr\u00fcchte: Wir wurden 1978 gegr\u00fcndet und sind seitdem zum Branchenstandard avanciert. Ausgehend von unserem Standort in Gorinchem bedienen wir mit mehr als 30 hoch qualifizierten Mitarbeitern mehr als die H\u00e4lfte der Tankstellen und das&hellip;\" \/>\n<meta property=\"og:url\" content=\"https:\/\/www.loddersoftware.com\/de\/ueber-uns\/\" \/>\n<meta property=\"og:site_name\" content=\"Lodder Software\" \/>\n<meta property=\"article:modified_time\" content=\"2020-04-17T12:34:31+00:00\" \/>\n<meta name=\"twitter:card\" content=\"summary_large_image\" \/>\n<meta name=\"twitter:label1\" content=\"Gesch\u00e4tzte Lesezeit\" \/>\n\t<meta name=\"twitter:data1\" content=\"1\u00a0Minute\" \/>\n<script type=\"application\/ld+json\" class=\"yoast-schema-graph\">{\"@context\":\"https:\\\/\\\/schema.org\",\"@graph\":[{\"@type\":\"WebPage\",\"@id\":\"https:\\\/\\\/www.loddersoftware.com\\\/de\\\/ueber-uns\\\/\",\"url\":\"https:\\\/\\\/www.loddersoftware.com\\\/de\\\/ueber-uns\\\/\",\"name\":\"\u00dcber uns - Lodder Software\",\"isPartOf\":{\"@id\":\"https:\\\/\\\/www.loddersoftware.com\\\/de\\\/#website\"},\"datePublished\":\"2018-06-28T13:16:22+00:00\",\"dateModified\":\"2020-04-17T12:34:31+00:00\",\"breadcrumb\":{\"@id\":\"https:\\\/\\\/www.loddersoftware.com\\\/de\\\/ueber-uns\\\/#breadcrumb\"},\"inLanguage\":\"de\",\"potentialAction\":[{\"@type\":\"ReadAction\",\"target\":[\"https:\\\/\\\/www.loddersoftware.com\\\/de\\\/ueber-uns\\\/\"]}]},{\"@type\":\"BreadcrumbList\",\"@id\":\"https:\\\/\\\/www.loddersoftware.com\\\/de\\\/ueber-uns\\\/#breadcrumb\",\"itemListElement\":[{\"@type\":\"ListItem\",\"position\":1,\"name\":\"Home\",\"item\":\"https:\\\/\\\/www.loddersoftware.com\\\/de\\\/\"},{\"@type\":\"ListItem\",\"position\":2,\"name\":\"\u00dcber uns\"}]},{\"@type\":\"WebSite\",\"@id\":\"https:\\\/\\\/www.loddersoftware.com\\\/de\\\/#website\",\"url\":\"https:\\\/\\\/www.loddersoftware.com\\\/de\\\/\",\"name\":\"Lodder Software\",\"description\":\"\",\"potentialAction\":[{\"@type\":\"SearchAction\",\"target\":{\"@type\":\"EntryPoint\",\"urlTemplate\":\"https:\\\/\\\/www.loddersoftware.com\\\/de\\\/?s={search_term_string}\"},\"query-input\":{\"@type\":\"PropertyValueSpecification\",\"valueRequired\":true,\"valueName\":\"search_term_string\"}}],\"inLanguage\":\"de\"}]}<\/script>\n<!-- \/ Yoast SEO plugin. -->","yoast_head_json":{"title":"\u00dcber uns - Lodder Software","robots":{"index":"index","follow":"follow","max-snippet":"max-snippet:-1","max-image-preview":"max-image-preview:large","max-video-preview":"max-video-preview:-1"},"canonical":"https:\/\/www.loddersoftware.com\/de\/ueber-uns\/","og_locale":"de_DE","og_type":"article","og_title":"\u00dcber uns - Lodder Software","og_description":"Lodder: sachkundig, engagiert und innovativ Lodder Software automatisiert administrative und logistische Prozesse f\u00fcr Tankstellen, Tankstellenketten, \u00d6lhandel und Bunkerung. Diese Spezialisierung tr\u00e4gt Fr\u00fcchte: Wir wurden 1978 gegr\u00fcndet und sind seitdem zum Branchenstandard avanciert. Ausgehend von unserem Standort in Gorinchem bedienen wir mit mehr als 30 hoch qualifizierten Mitarbeitern mehr als die H\u00e4lfte der Tankstellen und das&hellip;","og_url":"https:\/\/www.loddersoftware.com\/de\/ueber-uns\/","og_site_name":"Lodder Software","article_modified_time":"2020-04-17T12:34:31+00:00","twitter_card":"summary_large_image","twitter_misc":{"Gesch\u00e4tzte Lesezeit":"1\u00a0Minute"},"schema":{"@context":"https:\/\/schema.org","@graph":[{"@type":"WebPage","@id":"https:\/\/www.loddersoftware.com\/de\/ueber-uns\/","url":"https:\/\/www.loddersoftware.com\/de\/ueber-uns\/","name":"\u00dcber uns - Lodder Software","isPartOf":{"@id":"https:\/\/www.loddersoftware.com\/de\/#website"},"datePublished":"2018-06-28T13:16:22+00:00","dateModified":"2020-04-17T12:34:31+00:00","breadcrumb":{"@id":"https:\/\/www.loddersoftware.com\/de\/ueber-uns\/#breadcrumb"},"inLanguage":"de","potentialAction":[{"@type":"ReadAction","target":["https:\/\/www.loddersoftware.com\/de\/ueber-uns\/"]}]},{"@type":"BreadcrumbList","@id":"https:\/\/www.loddersoftware.com\/de\/ueber-uns\/#breadcrumb","itemListElement":[{"@type":"ListItem","position":1,"name":"Home","item":"https:\/\/www.loddersoftware.com\/de\/"},{"@type":"ListItem","position":2,"name":"\u00dcber uns"}]},{"@type":"WebSite","@id":"https:\/\/www.loddersoftware.com\/de\/#website","url":"https:\/\/www.loddersoftware.com\/de\/","name":"Lodder Software","description":"","potentialAction":[{"@type":"SearchAction","target":{"@type":"EntryPoint","urlTemplate":"https:\/\/www.loddersoftware.com\/de\/?s={search_term_string}"},"query-input":{"@type":"PropertyValueSpecification","valueRequired":true,"valueName":"search_term_string"}}],"inLanguage":"de"}]}},"_links":{"self":[{"href":"https:\/\/www.loddersoftware.com\/de\/wp-json\/wp\/v2\/pages\/5","targetHints":{"allow":["GET"]}}],"collection":[{"href":"https:\/\/www.loddersoftware.com\/de\/wp-json\/wp\/v2\/pages"}],"about":[{"href":"https:\/\/www.loddersoftware.com\/de\/wp-json\/wp\/v2\/types\/page"}],"author":[{"embeddable":true,"href":"https:\/\/www.loddersoftware.com\/de\/wp-json\/wp\/v2\/users\/6"}],"replies":[{"embeddable":true,"href":"https:\/\/www.loddersoftware.com\/de\/wp-json\/wp\/v2\/comments?post=5"}],"version-history":[{"count":7,"href":"https:\/\/www.loddersoftware.com\/de\/wp-json\/wp\/v2\/pages\/5\/revisions"}],"predecessor-version":[{"id":590,"href":"https:\/\/www.loddersoftware.com\/de\/wp-json\/wp\/v2\/pages\/5\/revisions\/590"}],"wp:attachment":[{"href":"https:\/\/www.loddersoftware.com\/de\/wp-json\/wp\/v2\/media?parent=5"}],"curies":[{"name":"wp","href":"https:\/\/api.w.org\/{rel}","templated":true}]}}