{"id":7,"date":"2018-06-28T13:16:38","date_gmt":"2018-06-28T13:16:38","guid":{"rendered":"http:\/\/lodder:8888\/?page_id=7"},"modified":"2020-04-17T14:44:19","modified_gmt":"2020-04-17T12:44:19","slug":"unsere-software","status":"publish","type":"page","link":"https:\/\/www.loddersoftware.com\/de\/unsere-software\/","title":{"rendered":"Unsere Software"},"content":{"rendered":"<p class=\"BasistekstEnof\"><strong>Intelligente Software f\u00fcr Tankstellen und \u00d6lh\u00e4ndler<\/strong><br \/>\nWir investieren in Innovation, Benutzerfreundlichkeit und Qualit\u00e4t. Kontinuierlich. Wir denken, dass wir deshalb seit vielen Jahren der Marktf\u00fchrer f\u00fcr Verwaltungs- und Logistiksoftware in der Erd\u00f6lbranche sind. Mehr als die H\u00e4lfte aller Tankstellen und \u00d6lh\u00e4ndler in den Niederlanden nutzen unsere Software. Wir sind auch in Belgien, Deutschland und Skandinavien aktiv.<\/p>\n<p><strong>Standard in der Automatisierung<\/strong><br \/>\nIhre gesamten Gesch\u00e4ftsabl\u00e4ufe sind in intelligenter, zusammenarbeitender Software untergebracht. Pakete und Apps, die alle Gesch\u00e4ftsprozesse automatisch im Hintergrund ausf\u00fchren. Lodder hat die gesamte Plattform so eingerichtet, dass Sie auf allen Ebenen einsteigen k\u00f6nnen. Erwarten Sie Wachstum? Alles ist beliebig erweiterbar. Ausweiten aufs Ausland? Sie sind gut vorbereitet.<\/p>\n<p><strong>St\u00e4ndig in Bewegung<\/strong><br \/>\nDer Markt entwickelt sich st\u00e4ndig weiter, und so auch Lodder. Wir entwickeln und erweitern unsere Software jeden Tag. Kann es bequemer, schneller und effizienter sein? Wir h\u00f6ren Ihnen zu und setzen Ihre Ideen in den Updates unserer Pakete um. Jeden Monat ver\u00f6ffentlichen wir kostenlose Releases f\u00fcr alle Kunden. Dank des NO FUSS-Abonnements ist die Lodder-Software immer aktuell und sicher.<\/p>\n<p><strong>Transfer Service<\/strong><br \/>\nWechseln Sie zu Lodder, damit Ihr Unternehmen Anschluss an die fortschrittlichste Technologie hat? Bei uns gibt es keine monatelange Umstellungsprozedur. Mit unserem Lodder Transfer Service betreuen wir Sie Schritt f\u00fcr Schritt durch den Umstellungsprozess. In k\u00fcrzester Zeit haben Sie zu Lodder gewechselt. Kontinuit\u00e4t garantiert.<\/p>\n<p><strong>Kombinieren Sie Daten f\u00fcr Einblicke und \u00dcbersicht<\/strong><br \/>\nDie Pakete von Lodder Software bilden zusammen ein hervorragendes und praktisches Management-Tool. Die Software kann auf jede erdenkliche Weise kombiniert werden. Mit dem Dashboard haben Sie einen aktuellen \u00dcberblick und Einblicke in alle Gesch\u00e4ftsprozesse, sodass Sie Entscheidungen auf der Grundlage zuverl\u00e4ssiger Daten treffen k\u00f6nnen.<\/p>\n<p>Verfolgen Sie Trends und Entwicklungen, sparen Sie Zeit und Geld, und steuern Sie die Resultate mit der Lodder Software.<\/p>\n","protected":false},"excerpt":{"rendered":"<p>Intelligente Software f\u00fcr Tankstellen und \u00d6lh\u00e4ndler Wir investieren in Innovation, Benutzerfreundlichkeit und Qualit\u00e4t. Kontinuierlich. Wir denken, dass wir deshalb seit vielen Jahren der Marktf\u00fchrer f\u00fcr Verwaltungs- und Logistiksoftware in der Erd\u00f6lbranche sind. Mehr als die H\u00e4lfte aller Tankstellen und \u00d6lh\u00e4ndler in den Niederlanden nutzen unsere Software. Wir sind auch in Belgien, Deutschland und Skandinavien aktiv.<span class=\"read-more-dots\">&hellip;<\/span><\/p>\n","protected":false},"author":6,"featured_media":278,"parent":0,"menu_order":3,"comment_status":"closed","ping_status":"closed","template":"","meta":{"_acf_changed":false,"editor_notices":[],"footnotes":""},"class_list":["post-7","page","type-page","status-publish","has-post-thumbnail","hentry"],"acf":[],"yoast_head":"<!-- This site is optimized with the Yoast SEO plugin v27.1.1 - https:\/\/yoast.com\/product\/yoast-seo-wordpress\/ -->\n<title>Unsere Software - Lodder Software<\/title>\n<meta name=\"robots\" content=\"index, follow, max-snippet:-1, max-image-preview:large, max-video-preview:-1\" \/>\n<link rel=\"canonical\" href=\"https:\/\/www.loddersoftware.com\/de\/unsere-software\/\" \/>\n<meta property=\"og:locale\" content=\"de_DE\" \/>\n<meta property=\"og:type\" content=\"article\" \/>\n<meta property=\"og:title\" content=\"Unsere Software - Lodder Software\" \/>\n<meta property=\"og:description\" content=\"Intelligente Software f\u00fcr Tankstellen und \u00d6lh\u00e4ndler Wir investieren in Innovation, Benutzerfreundlichkeit und Qualit\u00e4t. Kontinuierlich. Wir denken, dass wir deshalb seit vielen Jahren der Marktf\u00fchrer f\u00fcr Verwaltungs- und Logistiksoftware in der Erd\u00f6lbranche sind. Mehr als die H\u00e4lfte aller Tankstellen und \u00d6lh\u00e4ndler in den Niederlanden nutzen unsere Software. Wir sind auch in Belgien, Deutschland und Skandinavien aktiv.&hellip;\" \/>\n<meta property=\"og:url\" content=\"https:\/\/www.loddersoftware.com\/de\/unsere-software\/\" \/>\n<meta property=\"og:site_name\" content=\"Lodder Software\" \/>\n<meta property=\"article:modified_time\" content=\"2020-04-17T12:44:19+00:00\" \/>\n<meta property=\"og:image\" content=\"https:\/\/www.loddersoftware.com\/de\/wp-content\/uploads\/sites\/6\/2018\/07\/Lodder_home_slide1.jpg\" \/>\n\t<meta property=\"og:image:width\" content=\"1920\" \/>\n\t<meta property=\"og:image:height\" content=\"749\" \/>\n\t<meta property=\"og:image:type\" content=\"image\/jpeg\" \/>\n<meta name=\"twitter:card\" content=\"summary_large_image\" \/>\n<meta name=\"twitter:label1\" content=\"Gesch\u00e4tzte Lesezeit\" \/>\n\t<meta name=\"twitter:data1\" content=\"2\u00a0Minuten\" \/>\n<script type=\"application\/ld+json\" class=\"yoast-schema-graph\">{\"@context\":\"https:\/\/schema.org\",\"@graph\":[{\"@type\":\"WebPage\",\"@id\":\"https:\/\/www.loddersoftware.com\/de\/unsere-software\/\",\"url\":\"https:\/\/www.loddersoftware.com\/de\/unsere-software\/\",\"name\":\"Unsere Software - Lodder Software\",\"isPartOf\":{\"@id\":\"https:\/\/www.loddersoftware.com\/de\/#website\"},\"primaryImageOfPage\":{\"@id\":\"https:\/\/www.loddersoftware.com\/de\/unsere-software\/#primaryimage\"},\"image\":{\"@id\":\"https:\/\/www.loddersoftware.com\/de\/unsere-software\/#primaryimage\"},\"thumbnailUrl\":\"https:\/\/www.loddersoftware.com\/de\/wp-content\/uploads\/sites\/6\/2018\/07\/Lodder_home_slide1.jpg\",\"datePublished\":\"2018-06-28T13:16:38+00:00\",\"dateModified\":\"2020-04-17T12:44:19+00:00\",\"breadcrumb\":{\"@id\":\"https:\/\/www.loddersoftware.com\/de\/unsere-software\/#breadcrumb\"},\"inLanguage\":\"de\",\"potentialAction\":[{\"@type\":\"ReadAction\",\"target\":[\"https:\/\/www.loddersoftware.com\/de\/unsere-software\/\"]}]},{\"@type\":\"ImageObject\",\"inLanguage\":\"de\",\"@id\":\"https:\/\/www.loddersoftware.com\/de\/unsere-software\/#primaryimage\",\"url\":\"https:\/\/www.loddersoftware.com\/de\/wp-content\/uploads\/sites\/6\/2018\/07\/Lodder_home_slide1.jpg\",\"contentUrl\":\"https:\/\/www.loddersoftware.com\/de\/wp-content\/uploads\/sites\/6\/2018\/07\/Lodder_home_slide1.jpg\",\"width\":1920,\"height\":749},{\"@type\":\"BreadcrumbList\",\"@id\":\"https:\/\/www.loddersoftware.com\/de\/unsere-software\/#breadcrumb\",\"itemListElement\":[{\"@type\":\"ListItem\",\"position\":1,\"name\":\"Home\",\"item\":\"https:\/\/www.loddersoftware.com\/de\/\"},{\"@type\":\"ListItem\",\"position\":2,\"name\":\"Unsere Software\"}]},{\"@type\":\"WebSite\",\"@id\":\"https:\/\/www.loddersoftware.com\/de\/#website\",\"url\":\"https:\/\/www.loddersoftware.com\/de\/\",\"name\":\"Lodder Software\",\"description\":\"\",\"potentialAction\":[{\"@type\":\"SearchAction\",\"target\":{\"@type\":\"EntryPoint\",\"urlTemplate\":\"https:\/\/www.loddersoftware.com\/de\/?s={search_term_string}\"},\"query-input\":{\"@type\":\"PropertyValueSpecification\",\"valueRequired\":true,\"valueName\":\"search_term_string\"}}],\"inLanguage\":\"de\"}]}<\/script>\n<!-- \/ Yoast SEO plugin. -->","yoast_head_json":{"title":"Unsere Software - Lodder Software","robots":{"index":"index","follow":"follow","max-snippet":"max-snippet:-1","max-image-preview":"max-image-preview:large","max-video-preview":"max-video-preview:-1"},"canonical":"https:\/\/www.loddersoftware.com\/de\/unsere-software\/","og_locale":"de_DE","og_type":"article","og_title":"Unsere Software - Lodder Software","og_description":"Intelligente Software f\u00fcr Tankstellen und \u00d6lh\u00e4ndler Wir investieren in Innovation, Benutzerfreundlichkeit und Qualit\u00e4t. Kontinuierlich. Wir denken, dass wir deshalb seit vielen Jahren der Marktf\u00fchrer f\u00fcr Verwaltungs- und Logistiksoftware in der Erd\u00f6lbranche sind. Mehr als die H\u00e4lfte aller Tankstellen und \u00d6lh\u00e4ndler in den Niederlanden nutzen unsere Software. Wir sind auch in Belgien, Deutschland und Skandinavien aktiv.&hellip;","og_url":"https:\/\/www.loddersoftware.com\/de\/unsere-software\/","og_site_name":"Lodder Software","article_modified_time":"2020-04-17T12:44:19+00:00","og_image":[{"width":1920,"height":749,"url":"https:\/\/www.loddersoftware.com\/de\/wp-content\/uploads\/sites\/6\/2018\/07\/Lodder_home_slide1.jpg","type":"image\/jpeg"}],"twitter_card":"summary_large_image","twitter_misc":{"Gesch\u00e4tzte Lesezeit":"2\u00a0Minuten"},"schema":{"@context":"https:\/\/schema.org","@graph":[{"@type":"WebPage","@id":"https:\/\/www.loddersoftware.com\/de\/unsere-software\/","url":"https:\/\/www.loddersoftware.com\/de\/unsere-software\/","name":"Unsere Software - Lodder Software","isPartOf":{"@id":"https:\/\/www.loddersoftware.com\/de\/#website"},"primaryImageOfPage":{"@id":"https:\/\/www.loddersoftware.com\/de\/unsere-software\/#primaryimage"},"image":{"@id":"https:\/\/www.loddersoftware.com\/de\/unsere-software\/#primaryimage"},"thumbnailUrl":"https:\/\/www.loddersoftware.com\/de\/wp-content\/uploads\/sites\/6\/2018\/07\/Lodder_home_slide1.jpg","datePublished":"2018-06-28T13:16:38+00:00","dateModified":"2020-04-17T12:44:19+00:00","breadcrumb":{"@id":"https:\/\/www.loddersoftware.com\/de\/unsere-software\/#breadcrumb"},"inLanguage":"de","potentialAction":[{"@type":"ReadAction","target":["https:\/\/www.loddersoftware.com\/de\/unsere-software\/"]}]},{"@type":"ImageObject","inLanguage":"de","@id":"https:\/\/www.loddersoftware.com\/de\/unsere-software\/#primaryimage","url":"https:\/\/www.loddersoftware.com\/de\/wp-content\/uploads\/sites\/6\/2018\/07\/Lodder_home_slide1.jpg","contentUrl":"https:\/\/www.loddersoftware.com\/de\/wp-content\/uploads\/sites\/6\/2018\/07\/Lodder_home_slide1.jpg","width":1920,"height":749},{"@type":"BreadcrumbList","@id":"https:\/\/www.loddersoftware.com\/de\/unsere-software\/#breadcrumb","itemListElement":[{"@type":"ListItem","position":1,"name":"Home","item":"https:\/\/www.loddersoftware.com\/de\/"},{"@type":"ListItem","position":2,"name":"Unsere Software"}]},{"@type":"WebSite","@id":"https:\/\/www.loddersoftware.com\/de\/#website","url":"https:\/\/www.loddersoftware.com\/de\/","name":"Lodder Software","description":"","potentialAction":[{"@type":"SearchAction","target":{"@type":"EntryPoint","urlTemplate":"https:\/\/www.loddersoftware.com\/de\/?s={search_term_string}"},"query-input":{"@type":"PropertyValueSpecification","valueRequired":true,"valueName":"search_term_string"}}],"inLanguage":"de"}]}},"_links":{"self":[{"href":"https:\/\/www.loddersoftware.com\/de\/wp-json\/wp\/v2\/pages\/7","targetHints":{"allow":["GET"]}}],"collection":[{"href":"https:\/\/www.loddersoftware.com\/de\/wp-json\/wp\/v2\/pages"}],"about":[{"href":"https:\/\/www.loddersoftware.com\/de\/wp-json\/wp\/v2\/types\/page"}],"author":[{"embeddable":true,"href":"https:\/\/www.loddersoftware.com\/de\/wp-json\/wp\/v2\/users\/6"}],"replies":[{"embeddable":true,"href":"https:\/\/www.loddersoftware.com\/de\/wp-json\/wp\/v2\/comments?post=7"}],"version-history":[{"count":11,"href":"https:\/\/www.loddersoftware.com\/de\/wp-json\/wp\/v2\/pages\/7\/revisions"}],"predecessor-version":[{"id":597,"href":"https:\/\/www.loddersoftware.com\/de\/wp-json\/wp\/v2\/pages\/7\/revisions\/597"}],"wp:featuredmedia":[{"embeddable":true,"href":"https:\/\/www.loddersoftware.com\/de\/wp-json\/wp\/v2\/media\/278"}],"wp:attachment":[{"href":"https:\/\/www.loddersoftware.com\/de\/wp-json\/wp\/v2\/media?parent=7"}],"curies":[{"name":"wp","href":"https:\/\/api.w.org\/{rel}","templated":true}]}}