{"id":5,"date":"2018-06-28T13:16:22","date_gmt":"2018-06-28T13:16:22","guid":{"rendered":"http:\/\/lodder:8888\/?page_id=5"},"modified":"2020-04-17T13:43:51","modified_gmt":"2020-04-17T11:43:51","slug":"qui-sommes-nous","status":"publish","type":"page","link":"https:\/\/www.loddersoftware.com\/fr\/qui-sommes-nous\/","title":{"rendered":"Qui sommes-nous"},"content":{"rendered":"<p><strong>Lodder: expert, impliqu\u00e9 et innovant<\/strong><br \/>\nLodder Software automatise les processus administratifs et logistiques pour les stations-service, les cha\u00eenes de stations-service, le commerce de p\u00e9trole et le bunkering. Cette sp\u00e9cialisation\u00a0porte ses fruits car depuis notre cr\u00e9ation en 1978, nous avons \u00e9volu\u00e9 pour devenir la norme dans notre secteur. Sur notre site \u00e0 Gorinchem, nous employons plus de 30 personnes hautement qualifi\u00e9es qui fournissent des services \u00e0 plus de la moiti\u00e9 des stations-service et la plupart des commer\u00e7ants de p\u00e9trole aux Pays-Bas. Lodder est \u00e9galement actif en Belgique, en Allemagne et en Scandinavie.<\/p>\n<p><strong>Expert<\/strong><br \/>\nLodder d\u00e9tient plus de 40 ans d\u2019exp\u00e9rience en automatisation pour le commerce de p\u00e9trole et les stations-service. Nous connaissons parfaitement bien le secteur\u00a0: les dynamiques, la l\u00e9gislation et toutes les lois \u00e9crites et non \u00e9crites. Nous travaillons en \u00e9troite collaboration avec nos clients. Leur r\u00e9troaction nous aide \u00e0 rester vigilants et nous motive \u00e0 continuellement innover nos produits. Gr\u00e2ce \u00e0 cette collaboration, nous pr\u00eatons non seulement attention aux d\u00e9tails, mais nous gardons \u00e9galement un aper\u00e7u des grandes lignes.<\/p>\n<p><strong>Impliqu\u00e9<\/strong><br \/>\nNous comprenons ce qu\u2019implique la gestion d\u2019une entreprise et, par exp\u00e9rience, nous connaissons l\u2019importance de donn\u00e9es de commande correctes et actuelles, ainsi que d\u2019aspects qui importent. Un processus r\u00e9fl\u00e9chi et automatis\u00e9 ouvre des possibilit\u00e9s, soutient et procure des moyens d\u2019action n\u00e9cessaires pour faire la diff\u00e9rence chez les clients.<\/p>\n<p><strong>Innovant<\/strong><br \/>\nLa technologie, la l\u00e9gislation, les besoins et exigences de nos clients et de leurs clients \u2013 tout est variable. Comme le fait de consulter des informations telles que les nouvelles directives europ\u00e9ennes sur son smartphone ou le souhait r\u00e9cent de personnaliser des programmes de loyaut\u00e9. Lodder adopte une approche orient\u00e9e vers l\u2019avenir et traduit les d\u00e9veloppements du march\u00e9 et du monde qui nous entoure en applications concr\u00e8tes. Nous investissons dans le d\u00e9veloppement et l\u2019innovation de nos produits, aujourd\u2019hui et \u00e0 l\u2019avenir.<\/p>\n","protected":false},"excerpt":{"rendered":"<p>Lodder: expert, impliqu\u00e9 et innovant Lodder Software automatise les processus administratifs et logistiques pour les stations-service, les cha\u00eenes de stations-service, le commerce de p\u00e9trole et le bunkering. Cette sp\u00e9cialisation\u00a0porte ses fruits car depuis notre cr\u00e9ation en 1978, nous avons \u00e9volu\u00e9 pour devenir la norme dans notre secteur. Sur notre site \u00e0 Gorinchem, nous employons plus<span class=\"read-more-dots\">&hellip;<\/span><\/p>\n","protected":false},"author":6,"featured_media":0,"parent":0,"menu_order":2,"comment_status":"closed","ping_status":"closed","template":"","meta":{"_acf_changed":false,"editor_notices":[],"footnotes":""},"class_list":["post-5","page","type-page","status-publish","hentry"],"acf":[],"yoast_head":"<!-- This site is optimized with the Yoast SEO plugin v27.5 - https:\/\/yoast.com\/product\/yoast-seo-wordpress\/ -->\n<title>Qui sommes-nous - Lodder Software<\/title>\n<meta name=\"robots\" content=\"index, follow, max-snippet:-1, max-image-preview:large, max-video-preview:-1\" \/>\n<link rel=\"canonical\" href=\"https:\/\/www.loddersoftware.com\/fr\/qui-sommes-nous\/\" \/>\n<meta property=\"og:locale\" content=\"fr_FR\" \/>\n<meta property=\"og:type\" content=\"article\" \/>\n<meta property=\"og:title\" content=\"Qui sommes-nous - Lodder Software\" \/>\n<meta property=\"og:description\" content=\"Lodder: expert, impliqu\u00e9 et innovant Lodder Software automatise les processus administratifs et logistiques pour les stations-service, les cha\u00eenes de stations-service, le commerce de p\u00e9trole et le bunkering. Cette sp\u00e9cialisation\u00a0porte ses fruits car depuis notre cr\u00e9ation en 1978, nous avons \u00e9volu\u00e9 pour devenir la norme dans notre secteur. Sur notre site \u00e0 Gorinchem, nous employons plus&hellip;\" \/>\n<meta property=\"og:url\" content=\"https:\/\/www.loddersoftware.com\/fr\/qui-sommes-nous\/\" \/>\n<meta property=\"og:site_name\" content=\"Lodder Software\" \/>\n<meta property=\"article:modified_time\" content=\"2020-04-17T11:43:51+00:00\" \/>\n<meta name=\"twitter:card\" content=\"summary_large_image\" \/>\n<meta name=\"twitter:label1\" content=\"Dur\u00e9e de lecture estim\u00e9e\" \/>\n\t<meta name=\"twitter:data1\" content=\"2 minutes\" \/>\n<script type=\"application\/ld+json\" class=\"yoast-schema-graph\">{\"@context\":\"https:\\\/\\\/schema.org\",\"@graph\":[{\"@type\":\"WebPage\",\"@id\":\"https:\\\/\\\/www.loddersoftware.com\\\/fr\\\/qui-sommes-nous\\\/\",\"url\":\"https:\\\/\\\/www.loddersoftware.com\\\/fr\\\/qui-sommes-nous\\\/\",\"name\":\"Qui sommes-nous - Lodder Software\",\"isPartOf\":{\"@id\":\"https:\\\/\\\/www.loddersoftware.com\\\/fr\\\/#website\"},\"datePublished\":\"2018-06-28T13:16:22+00:00\",\"dateModified\":\"2020-04-17T11:43:51+00:00\",\"breadcrumb\":{\"@id\":\"https:\\\/\\\/www.loddersoftware.com\\\/fr\\\/qui-sommes-nous\\\/#breadcrumb\"},\"inLanguage\":\"fr-FR\",\"potentialAction\":[{\"@type\":\"ReadAction\",\"target\":[\"https:\\\/\\\/www.loddersoftware.com\\\/fr\\\/qui-sommes-nous\\\/\"]}]},{\"@type\":\"BreadcrumbList\",\"@id\":\"https:\\\/\\\/www.loddersoftware.com\\\/fr\\\/qui-sommes-nous\\\/#breadcrumb\",\"itemListElement\":[{\"@type\":\"ListItem\",\"position\":1,\"name\":\"Home\",\"item\":\"https:\\\/\\\/www.loddersoftware.com\\\/fr\\\/\"},{\"@type\":\"ListItem\",\"position\":2,\"name\":\"Qui sommes-nous\"}]},{\"@type\":\"WebSite\",\"@id\":\"https:\\\/\\\/www.loddersoftware.com\\\/fr\\\/#website\",\"url\":\"https:\\\/\\\/www.loddersoftware.com\\\/fr\\\/\",\"name\":\"Lodder Software\",\"description\":\"\",\"potentialAction\":[{\"@type\":\"SearchAction\",\"target\":{\"@type\":\"EntryPoint\",\"urlTemplate\":\"https:\\\/\\\/www.loddersoftware.com\\\/fr\\\/?s={search_term_string}\"},\"query-input\":{\"@type\":\"PropertyValueSpecification\",\"valueRequired\":true,\"valueName\":\"search_term_string\"}}],\"inLanguage\":\"fr-FR\"}]}<\/script>\n<!-- \/ Yoast SEO plugin. -->","yoast_head_json":{"title":"Qui sommes-nous - Lodder Software","robots":{"index":"index","follow":"follow","max-snippet":"max-snippet:-1","max-image-preview":"max-image-preview:large","max-video-preview":"max-video-preview:-1"},"canonical":"https:\/\/www.loddersoftware.com\/fr\/qui-sommes-nous\/","og_locale":"fr_FR","og_type":"article","og_title":"Qui sommes-nous - Lodder Software","og_description":"Lodder: expert, impliqu\u00e9 et innovant Lodder Software automatise les processus administratifs et logistiques pour les stations-service, les cha\u00eenes de stations-service, le commerce de p\u00e9trole et le bunkering. Cette sp\u00e9cialisation\u00a0porte ses fruits car depuis notre cr\u00e9ation en 1978, nous avons \u00e9volu\u00e9 pour devenir la norme dans notre secteur. Sur notre site \u00e0 Gorinchem, nous employons plus&hellip;","og_url":"https:\/\/www.loddersoftware.com\/fr\/qui-sommes-nous\/","og_site_name":"Lodder Software","article_modified_time":"2020-04-17T11:43:51+00:00","twitter_card":"summary_large_image","twitter_misc":{"Dur\u00e9e de lecture estim\u00e9e":"2 minutes"},"schema":{"@context":"https:\/\/schema.org","@graph":[{"@type":"WebPage","@id":"https:\/\/www.loddersoftware.com\/fr\/qui-sommes-nous\/","url":"https:\/\/www.loddersoftware.com\/fr\/qui-sommes-nous\/","name":"Qui sommes-nous - Lodder Software","isPartOf":{"@id":"https:\/\/www.loddersoftware.com\/fr\/#website"},"datePublished":"2018-06-28T13:16:22+00:00","dateModified":"2020-04-17T11:43:51+00:00","breadcrumb":{"@id":"https:\/\/www.loddersoftware.com\/fr\/qui-sommes-nous\/#breadcrumb"},"inLanguage":"fr-FR","potentialAction":[{"@type":"ReadAction","target":["https:\/\/www.loddersoftware.com\/fr\/qui-sommes-nous\/"]}]},{"@type":"BreadcrumbList","@id":"https:\/\/www.loddersoftware.com\/fr\/qui-sommes-nous\/#breadcrumb","itemListElement":[{"@type":"ListItem","position":1,"name":"Home","item":"https:\/\/www.loddersoftware.com\/fr\/"},{"@type":"ListItem","position":2,"name":"Qui sommes-nous"}]},{"@type":"WebSite","@id":"https:\/\/www.loddersoftware.com\/fr\/#website","url":"https:\/\/www.loddersoftware.com\/fr\/","name":"Lodder Software","description":"","potentialAction":[{"@type":"SearchAction","target":{"@type":"EntryPoint","urlTemplate":"https:\/\/www.loddersoftware.com\/fr\/?s={search_term_string}"},"query-input":{"@type":"PropertyValueSpecification","valueRequired":true,"valueName":"search_term_string"}}],"inLanguage":"fr-FR"}]}},"_links":{"self":[{"href":"https:\/\/www.loddersoftware.com\/fr\/wp-json\/wp\/v2\/pages\/5","targetHints":{"allow":["GET"]}}],"collection":[{"href":"https:\/\/www.loddersoftware.com\/fr\/wp-json\/wp\/v2\/pages"}],"about":[{"href":"https:\/\/www.loddersoftware.com\/fr\/wp-json\/wp\/v2\/types\/page"}],"author":[{"embeddable":true,"href":"https:\/\/www.loddersoftware.com\/fr\/wp-json\/wp\/v2\/users\/6"}],"replies":[{"embeddable":true,"href":"https:\/\/www.loddersoftware.com\/fr\/wp-json\/wp\/v2\/comments?post=5"}],"version-history":[{"count":7,"href":"https:\/\/www.loddersoftware.com\/fr\/wp-json\/wp\/v2\/pages\/5\/revisions"}],"predecessor-version":[{"id":590,"href":"https:\/\/www.loddersoftware.com\/fr\/wp-json\/wp\/v2\/pages\/5\/revisions\/590"}],"wp:attachment":[{"href":"https:\/\/www.loddersoftware.com\/fr\/wp-json\/wp\/v2\/media?parent=5"}],"curies":[{"name":"wp","href":"https:\/\/api.w.org\/{rel}","templated":true}]}}