{"id":7,"date":"2018-06-28T13:16:38","date_gmt":"2018-06-28T13:16:38","guid":{"rendered":"http:\/\/lodder:8888\/?page_id=7"},"modified":"2020-04-17T13:55:45","modified_gmt":"2020-04-17T11:55:45","slug":"notre-logiciel","status":"publish","type":"page","link":"https:\/\/www.loddersoftware.com\/fr\/notre-logiciel\/","title":{"rendered":"Notre logiciel"},"content":{"rendered":"<p><strong>Logiciel intelligent pour stations-service et commer\u00e7ants de p\u00e9trole<\/strong><br \/>\nNous investissons en innovation, facilit\u00e9 d\u2019utilisation et qualit\u00e9. Continuellement. A nos yeux, c\u2019est la raison pour laquelle nous sommes depuis des ann\u00e9es leader du march\u00e9 en logiciels administratifs en logistiques pour le secteur du p\u00e9trole. Plus de la moiti\u00e9 des stations-service et des commer\u00e7ants de p\u00e9trole aux Pays-Bas font appel \u00e0 nos services. Lodder est \u00e9galement actif en Belgique, en Allemagne et en Scandinavie.<\/p>\n<p><strong>Norme en automatisation<\/strong><br \/>\nLa totalit\u00e9 de votre exploitation d\u2019entreprise regroup\u00e9e dans un logiciel de collaboration intelligent. Des progiciels et des applications qui permettent le fonctionnement automatique de tous vos processus d\u2019entreprise en arri\u00e8re-plan. Lodder a am\u00e9nag\u00e9 sa plate-forme de sorte \u00e0 ce que vous puissiez l\u2019int\u00e9grer \u00e0 tout moment. Vous pr\u00e9voyez une croissance\u00a0? Tout est \u00e9volutif et modulable. Un d\u00e9veloppement \u00e0 l\u2019\u00e9tranger\u00a0? Nous pouvons vous y pr\u00e9parer.<\/p>\n<p><strong>Evolution continue<\/strong><br \/>\nLe march\u00e9 \u00e9volue continuellement, tout comme Lodder. Tous les jours, nous faisons des efforts pour d\u00e9velopper et \u00e9tendre notre logiciel. Pouvons-nous le rendre plus pratique, plus rapide et plus efficace\u00a0? Nous vous \u00e9coutons afin de r\u00e9aliser vos id\u00e9es par le biais des mises \u00e0 jour de nos progiciels. Chaque mois, nous lan\u00e7ons de nouvelles versions, gratuites pour tous les clients. Gr\u00e2ce \u00e0 l\u2019abonnement NO FUSS, Lodder Software est toujours actualis\u00e9 et s\u00e9cure.<\/p>\n<p><strong>Service de transfert<\/strong><br \/>\nVous d\u00e9cidez de transf\u00e9rer vos activit\u00e9s chez Lodder pour vous connecter aux techniques les plus avanc\u00e9es\u00a0? Chez nous, il ne faut pas tenir compte de longs mois de conversion. Notre Service de transfert Lodder vous accompagne, \u00e9tape par \u00e9tape, dans le processus de conversion. En un rien de temps, vous pouvez transf\u00e9rer vos activit\u00e9s chez Lodder. Avec garantie de continuit\u00e9.<\/p>\n<p><strong>Combinez les donn\u00e9es pour plus de compr\u00e9hension et un meilleur aper\u00e7u<br \/>\n<\/strong>L\u2019ensemble des progiciels de Lodder Software\u00a0constitue un outil de gestion pratique et id\u00e9al. Le logiciel se combine de toutes les fa\u00e7ons. Avec Dashboard, vous obtenez un aper\u00e7u actuel et une bonne compr\u00e9hension de tous les processus d\u2019entreprise qui vous permettent de prendre des d\u00e9cisions sur base de donn\u00e9es fiables.<\/p>\n<p>Gardez une vue sur les tendances et \u00e9volutions, r\u00e9alisez des gains de temps et d\u2019argent et contr\u00f4lez vos r\u00e9sultats avec le logiciel de Lodder.<\/p>\n","protected":false},"excerpt":{"rendered":"<p>Logiciel intelligent pour stations-service et commer\u00e7ants de p\u00e9trole Nous investissons en innovation, facilit\u00e9 d\u2019utilisation et qualit\u00e9. Continuellement. A nos yeux, c\u2019est la raison pour laquelle nous sommes depuis des ann\u00e9es leader du march\u00e9 en logiciels administratifs en logistiques pour le secteur du p\u00e9trole. Plus de la moiti\u00e9 des stations-service et des commer\u00e7ants de p\u00e9trole aux<span class=\"read-more-dots\">&hellip;<\/span><\/p>\n","protected":false},"author":6,"featured_media":278,"parent":0,"menu_order":3,"comment_status":"closed","ping_status":"closed","template":"","meta":{"_acf_changed":false,"editor_notices":[],"footnotes":""},"class_list":["post-7","page","type-page","status-publish","has-post-thumbnail","hentry"],"acf":[],"yoast_head":"<!-- This site is optimized with the Yoast SEO plugin v27.5 - https:\/\/yoast.com\/product\/yoast-seo-wordpress\/ -->\n<title>Notre logiciel - Lodder Software<\/title>\n<meta name=\"robots\" content=\"index, follow, max-snippet:-1, max-image-preview:large, max-video-preview:-1\" \/>\n<link rel=\"canonical\" href=\"https:\/\/www.loddersoftware.com\/fr\/notre-logiciel\/\" \/>\n<meta property=\"og:locale\" content=\"fr_FR\" \/>\n<meta property=\"og:type\" content=\"article\" \/>\n<meta property=\"og:title\" content=\"Notre logiciel - Lodder Software\" \/>\n<meta property=\"og:description\" content=\"Logiciel intelligent pour stations-service et commer\u00e7ants de p\u00e9trole Nous investissons en innovation, facilit\u00e9 d\u2019utilisation et qualit\u00e9. Continuellement. A nos yeux, c\u2019est la raison pour laquelle nous sommes depuis des ann\u00e9es leader du march\u00e9 en logiciels administratifs en logistiques pour le secteur du p\u00e9trole. Plus de la moiti\u00e9 des stations-service et des commer\u00e7ants de p\u00e9trole aux&hellip;\" \/>\n<meta property=\"og:url\" content=\"https:\/\/www.loddersoftware.com\/fr\/notre-logiciel\/\" \/>\n<meta property=\"og:site_name\" content=\"Lodder Software\" \/>\n<meta property=\"article:modified_time\" content=\"2020-04-17T11:55:45+00:00\" \/>\n<meta property=\"og:image\" content=\"https:\/\/www.loddersoftware.com\/fr\/wp-content\/uploads\/sites\/4\/2018\/07\/Lodder_home_slide1.jpg\" \/>\n\t<meta property=\"og:image:width\" content=\"1920\" \/>\n\t<meta property=\"og:image:height\" content=\"749\" \/>\n\t<meta property=\"og:image:type\" content=\"image\/jpeg\" \/>\n<meta name=\"twitter:card\" content=\"summary_large_image\" \/>\n<meta name=\"twitter:label1\" content=\"Dur\u00e9e de lecture estim\u00e9e\" \/>\n\t<meta name=\"twitter:data1\" content=\"2 minutes\" \/>\n<script type=\"application\/ld+json\" class=\"yoast-schema-graph\">{\"@context\":\"https:\\\/\\\/schema.org\",\"@graph\":[{\"@type\":\"WebPage\",\"@id\":\"https:\\\/\\\/www.loddersoftware.com\\\/fr\\\/notre-logiciel\\\/\",\"url\":\"https:\\\/\\\/www.loddersoftware.com\\\/fr\\\/notre-logiciel\\\/\",\"name\":\"Notre logiciel - Lodder Software\",\"isPartOf\":{\"@id\":\"https:\\\/\\\/www.loddersoftware.com\\\/fr\\\/#website\"},\"primaryImageOfPage\":{\"@id\":\"https:\\\/\\\/www.loddersoftware.com\\\/fr\\\/notre-logiciel\\\/#primaryimage\"},\"image\":{\"@id\":\"https:\\\/\\\/www.loddersoftware.com\\\/fr\\\/notre-logiciel\\\/#primaryimage\"},\"thumbnailUrl\":\"https:\\\/\\\/www.loddersoftware.com\\\/fr\\\/wp-content\\\/uploads\\\/sites\\\/4\\\/2018\\\/07\\\/Lodder_home_slide1.jpg\",\"datePublished\":\"2018-06-28T13:16:38+00:00\",\"dateModified\":\"2020-04-17T11:55:45+00:00\",\"breadcrumb\":{\"@id\":\"https:\\\/\\\/www.loddersoftware.com\\\/fr\\\/notre-logiciel\\\/#breadcrumb\"},\"inLanguage\":\"fr-FR\",\"potentialAction\":[{\"@type\":\"ReadAction\",\"target\":[\"https:\\\/\\\/www.loddersoftware.com\\\/fr\\\/notre-logiciel\\\/\"]}]},{\"@type\":\"ImageObject\",\"inLanguage\":\"fr-FR\",\"@id\":\"https:\\\/\\\/www.loddersoftware.com\\\/fr\\\/notre-logiciel\\\/#primaryimage\",\"url\":\"https:\\\/\\\/www.loddersoftware.com\\\/fr\\\/wp-content\\\/uploads\\\/sites\\\/4\\\/2018\\\/07\\\/Lodder_home_slide1.jpg\",\"contentUrl\":\"https:\\\/\\\/www.loddersoftware.com\\\/fr\\\/wp-content\\\/uploads\\\/sites\\\/4\\\/2018\\\/07\\\/Lodder_home_slide1.jpg\",\"width\":1920,\"height\":749},{\"@type\":\"BreadcrumbList\",\"@id\":\"https:\\\/\\\/www.loddersoftware.com\\\/fr\\\/notre-logiciel\\\/#breadcrumb\",\"itemListElement\":[{\"@type\":\"ListItem\",\"position\":1,\"name\":\"Home\",\"item\":\"https:\\\/\\\/www.loddersoftware.com\\\/fr\\\/\"},{\"@type\":\"ListItem\",\"position\":2,\"name\":\"Notre logiciel\"}]},{\"@type\":\"WebSite\",\"@id\":\"https:\\\/\\\/www.loddersoftware.com\\\/fr\\\/#website\",\"url\":\"https:\\\/\\\/www.loddersoftware.com\\\/fr\\\/\",\"name\":\"Lodder Software\",\"description\":\"\",\"potentialAction\":[{\"@type\":\"SearchAction\",\"target\":{\"@type\":\"EntryPoint\",\"urlTemplate\":\"https:\\\/\\\/www.loddersoftware.com\\\/fr\\\/?s={search_term_string}\"},\"query-input\":{\"@type\":\"PropertyValueSpecification\",\"valueRequired\":true,\"valueName\":\"search_term_string\"}}],\"inLanguage\":\"fr-FR\"}]}<\/script>\n<!-- \/ Yoast SEO plugin. -->","yoast_head_json":{"title":"Notre logiciel - Lodder Software","robots":{"index":"index","follow":"follow","max-snippet":"max-snippet:-1","max-image-preview":"max-image-preview:large","max-video-preview":"max-video-preview:-1"},"canonical":"https:\/\/www.loddersoftware.com\/fr\/notre-logiciel\/","og_locale":"fr_FR","og_type":"article","og_title":"Notre logiciel - Lodder Software","og_description":"Logiciel intelligent pour stations-service et commer\u00e7ants de p\u00e9trole Nous investissons en innovation, facilit\u00e9 d\u2019utilisation et qualit\u00e9. Continuellement. A nos yeux, c\u2019est la raison pour laquelle nous sommes depuis des ann\u00e9es leader du march\u00e9 en logiciels administratifs en logistiques pour le secteur du p\u00e9trole. Plus de la moiti\u00e9 des stations-service et des commer\u00e7ants de p\u00e9trole aux&hellip;","og_url":"https:\/\/www.loddersoftware.com\/fr\/notre-logiciel\/","og_site_name":"Lodder Software","article_modified_time":"2020-04-17T11:55:45+00:00","og_image":[{"width":1920,"height":749,"url":"https:\/\/www.loddersoftware.com\/fr\/wp-content\/uploads\/sites\/4\/2018\/07\/Lodder_home_slide1.jpg","type":"image\/jpeg"}],"twitter_card":"summary_large_image","twitter_misc":{"Dur\u00e9e de lecture estim\u00e9e":"2 minutes"},"schema":{"@context":"https:\/\/schema.org","@graph":[{"@type":"WebPage","@id":"https:\/\/www.loddersoftware.com\/fr\/notre-logiciel\/","url":"https:\/\/www.loddersoftware.com\/fr\/notre-logiciel\/","name":"Notre logiciel - Lodder Software","isPartOf":{"@id":"https:\/\/www.loddersoftware.com\/fr\/#website"},"primaryImageOfPage":{"@id":"https:\/\/www.loddersoftware.com\/fr\/notre-logiciel\/#primaryimage"},"image":{"@id":"https:\/\/www.loddersoftware.com\/fr\/notre-logiciel\/#primaryimage"},"thumbnailUrl":"https:\/\/www.loddersoftware.com\/fr\/wp-content\/uploads\/sites\/4\/2018\/07\/Lodder_home_slide1.jpg","datePublished":"2018-06-28T13:16:38+00:00","dateModified":"2020-04-17T11:55:45+00:00","breadcrumb":{"@id":"https:\/\/www.loddersoftware.com\/fr\/notre-logiciel\/#breadcrumb"},"inLanguage":"fr-FR","potentialAction":[{"@type":"ReadAction","target":["https:\/\/www.loddersoftware.com\/fr\/notre-logiciel\/"]}]},{"@type":"ImageObject","inLanguage":"fr-FR","@id":"https:\/\/www.loddersoftware.com\/fr\/notre-logiciel\/#primaryimage","url":"https:\/\/www.loddersoftware.com\/fr\/wp-content\/uploads\/sites\/4\/2018\/07\/Lodder_home_slide1.jpg","contentUrl":"https:\/\/www.loddersoftware.com\/fr\/wp-content\/uploads\/sites\/4\/2018\/07\/Lodder_home_slide1.jpg","width":1920,"height":749},{"@type":"BreadcrumbList","@id":"https:\/\/www.loddersoftware.com\/fr\/notre-logiciel\/#breadcrumb","itemListElement":[{"@type":"ListItem","position":1,"name":"Home","item":"https:\/\/www.loddersoftware.com\/fr\/"},{"@type":"ListItem","position":2,"name":"Notre logiciel"}]},{"@type":"WebSite","@id":"https:\/\/www.loddersoftware.com\/fr\/#website","url":"https:\/\/www.loddersoftware.com\/fr\/","name":"Lodder Software","description":"","potentialAction":[{"@type":"SearchAction","target":{"@type":"EntryPoint","urlTemplate":"https:\/\/www.loddersoftware.com\/fr\/?s={search_term_string}"},"query-input":{"@type":"PropertyValueSpecification","valueRequired":true,"valueName":"search_term_string"}}],"inLanguage":"fr-FR"}]}},"_links":{"self":[{"href":"https:\/\/www.loddersoftware.com\/fr\/wp-json\/wp\/v2\/pages\/7","targetHints":{"allow":["GET"]}}],"collection":[{"href":"https:\/\/www.loddersoftware.com\/fr\/wp-json\/wp\/v2\/pages"}],"about":[{"href":"https:\/\/www.loddersoftware.com\/fr\/wp-json\/wp\/v2\/types\/page"}],"author":[{"embeddable":true,"href":"https:\/\/www.loddersoftware.com\/fr\/wp-json\/wp\/v2\/users\/6"}],"replies":[{"embeddable":true,"href":"https:\/\/www.loddersoftware.com\/fr\/wp-json\/wp\/v2\/comments?post=7"}],"version-history":[{"count":12,"href":"https:\/\/www.loddersoftware.com\/fr\/wp-json\/wp\/v2\/pages\/7\/revisions"}],"predecessor-version":[{"id":595,"href":"https:\/\/www.loddersoftware.com\/fr\/wp-json\/wp\/v2\/pages\/7\/revisions\/595"}],"wp:featuredmedia":[{"embeddable":true,"href":"https:\/\/www.loddersoftware.com\/fr\/wp-json\/wp\/v2\/media\/278"}],"wp:attachment":[{"href":"https:\/\/www.loddersoftware.com\/fr\/wp-json\/wp\/v2\/media?parent=7"}],"curies":[{"name":"wp","href":"https:\/\/api.w.org\/{rel}","templated":true}]}}